{"id":33169,"date":"2024-08-12T12:38:45","date_gmt":"2024-08-12T10:38:45","guid":{"rendered":"https:\/\/escuder.eco\/home\/"},"modified":"2025-07-29T10:57:20","modified_gmt":"2025-07-29T08:57:20","slug":"home","status":"publish","type":"page","link":"https:\/\/escuder.eco\/","title":{"rendered":"Home"},"content":{"rendered":"","protected":false},"excerpt":{"rendered":"","protected":false},"author":1,"featured_media":0,"parent":0,"menu_order":0,"comment_status":"closed","ping_status":"closed","template":"","meta":{"_acf_changed":false,"footnotes":""},"class_list":["post-33169","page","type-page","status-publish","hentry"],"acf":{"home_video":"https:\/\/escuder.eco\/escuder\/videos\/Web-Intro-optimized.mp4","home_banner_title":"Nous avons <strong>la formule!<\/strong>","home_banner_text":"Nous sommes un distributeur B2B de mati\u00e8res premi\u00e8res pour la fabrication de produits cosm\u00e9tiques, pharmaceutiques et alimentaires.","home_banner_link":{"title":"Qui sommes-nous?","url":"https:\/\/admin.escuder.eco\/fr\/nous\/","target":""},"home_packaging_blocks":[{"title":"Du plus grand...","text":"Comment faisons-nous l\u2019accompagnement de votre projet ? Nous nous engageons \u00e0 \u00eatre pr\u00eats et r\u00e9actifs \u00e0 chaque \u00e9tape du parcours. Nous vous proposons plusieurs formules qui s\u2019adaptent aux besoins sp\u00e9cifiques de votre projet. Vous avez ainsi l'assurance d'obtenir exactement ce dont vous avez besoin, au moment o\u00f9 vous en avez besoin.","link":"","image":33410},{"title":"...au plus petit. ","text":"Notre \u00e9quipe technique conditionne les ingr\u00e9dients avec un maximum de s\u00e9curit\u00e9 et d'efficacit\u00e9 dans nos salles blanches. Ce processus <b>\u00e9vite les soucis li\u00e9s \u00e0 la dur\u00e9e de conservation et aux exc\u00e9dents<\/b>. Ainsi, vous focalisez votre attention\u00a0 sur l\u2019 important :\u00a0 votre production. En plus, <b>nous avons du stock pour de nombreux produits <\/b>afin de garantir une disponibilit\u00e9 imm\u00e9diate. C'est pourquoi nous pouvons vous offrir un d\u00e9lai de livraison d\u2019 une semaine en France.\u00a0 Consultez n\u00f4tre Service Commercial pour la Suisse, la Belgique, l\u2019 Afrique du Nord, et autres.","link":{"title":"Contactez-nous","url":"\/es\/contacto","target":""},"image":33402}],"home_search_title":"Nos produits","home_search_text":"Vous savez d\u00e9j\u00e0 ce dont vous avez besoin ? Utilisez notre moteur de recherche pour v\u00e9rifier rapidement si nous disposons de l'ingr\u00e9dient que vous recherchez et acc\u00e9der a la description du produit et son packaging \u2013 c'est simple et rapide !","home_categories_title":"Cat\u00e9gories","home_categories_text":"Nous proposons une large gamme de mati\u00e8res premi\u00e8res naturelles et synth\u00e9tiques pour l'industrie cosm\u00e9tique, pharmaceutique et alimentaire, entre autres. D\u00e9couvrez notre gamme et trouvez tout ce dont vous avez besoin en un seul endroit !","home_categories_categories":[{"category":"Actifs","url":"https:\/\/escuder.eco\/es\/ingredientes\/activos","description":"","image":33409},{"category":"Ch\u00e2ssis","url":"https:\/\/escuder.eco\/es\/ingredientes\/bases","description":"","image":33407},{"category":"Auxiliaires","url":"https:\/\/escuder.eco\/es\/ingredientes\/auxiliares","description":"","image":33374}],"home_brands_link":{"title":"Nos partenaires","url":"\/es\/nuestras-marcas","target":""},"home_brands_logos":[33503,33504,33502,33501,33500,33498]},"_links":{"self":[{"href":"https:\/\/admin.escuder.eco\/fr\/wp-json\/wp\/v2\/pages\/33169","targetHints":{"allow":["GET"]}}],"collection":[{"href":"https:\/\/admin.escuder.eco\/fr\/wp-json\/wp\/v2\/pages"}],"about":[{"href":"https:\/\/admin.escuder.eco\/fr\/wp-json\/wp\/v2\/types\/page"}],"author":[{"embeddable":true,"href":"https:\/\/admin.escuder.eco\/fr\/wp-json\/wp\/v2\/users\/1"}],"replies":[{"embeddable":true,"href":"https:\/\/admin.escuder.eco\/fr\/wp-json\/wp\/v2\/comments?post=33169"}],"version-history":[{"count":4,"href":"https:\/\/admin.escuder.eco\/fr\/wp-json\/wp\/v2\/pages\/33169\/revisions"}],"predecessor-version":[{"id":34036,"href":"https:\/\/admin.escuder.eco\/fr\/wp-json\/wp\/v2\/pages\/33169\/revisions\/34036"}],"acf:attachment":[{"embeddable":true,"href":"https:\/\/admin.escuder.eco\/fr\/wp-json\/wp\/v2\/media\/33498"},{"embeddable":true,"href":"https:\/\/admin.escuder.eco\/fr\/wp-json\/wp\/v2\/media\/33500"},{"embeddable":true,"href":"https:\/\/admin.escuder.eco\/fr\/wp-json\/wp\/v2\/media\/33501"},{"embeddable":true,"href":"https:\/\/admin.escuder.eco\/fr\/wp-json\/wp\/v2\/media\/33502"},{"embeddable":true,"href":"https:\/\/admin.escuder.eco\/fr\/wp-json\/wp\/v2\/media\/33504"},{"embeddable":true,"href":"https:\/\/admin.escuder.eco\/fr\/wp-json\/wp\/v2\/media\/33503"}],"wp:attachment":[{"href":"https:\/\/admin.escuder.eco\/fr\/wp-json\/wp\/v2\/media?parent=33169"}],"curies":[{"name":"wp","href":"https:\/\/api.w.org\/{rel}","templated":true}]}}